{"id":9627,"date":"2019-10-19T21:56:27","date_gmt":"2019-10-19T19:56:27","guid":{"rendered":"https:\/\/nmshohenau.ac.at\/?page_id=9627"},"modified":"2026-04-12T09:47:08","modified_gmt":"2026-04-12T08:47:08","slug":"tage-der-offenen-tuer-2019-20","status":"publish","type":"page","link":"https:\/\/nmshohenau.ac.at\/?page_id=9627","title":{"rendered":"Herzlich willkommen!"},"content":{"rendered":"<p style=\"text-align: left;\"><span style=\"font-family: arial, helvetica, sans-serif;\">Sehr geehrte Erziehungsberechtigte!<\/span><\/p>\n<p style=\"text-align: left;\"><span style=\"font-family: arial, helvetica, sans-serif;\">Willkommen in der Mittelschule Hohenau an der March!<\/span><\/p>\n<p style=\"text-align: left;\"><span style=\"font-family: arial, helvetica, sans-serif;\">Wir sind eine Mittelschule, die offen ist f\u00fcr Neues. Wir bieten unseren Sch\u00fclerInnen modernen und abwechslungsreichen Unterricht in neu ausgestatteten Klassen mit interaktiven Beamern und Laptops.<\/span><\/p>\n<p style=\"text-align: left;\"><span style=\"font-family: arial, helvetica, sans-serif;\">An der N\u00d6MS Hohenau legen wir Wert auf die Vermittlung guter Allgemeinbildung und eine hohe Qualit\u00e4t der Lernergebnisse. Wir besch\u00e4ftigen uns intensiv mit der Nutzung von digitalen M\u00f6glichkeiten im Unterricht.&nbsp; Als Schule f\u00fcr alle Kinder bem\u00fchen wir uns um individuelle Zuwendung und streben die F\u00f6rderung von Interessen und Begabungen zum Beispiel durch alternative Pflichtgegenst\u00e4nde an. Wir unterst\u00fctzen unsere Sch\u00fclerInnen bei der Entwicklung sozialer und emotionaler Kompetenzen, die es ihnen erm\u00f6glichen, mit sich selbst, mit anderen und der Umwelt gut umgehen zu k\u00f6nnen. Es gibt Raum f\u00fcr Kreativit\u00e4t und Entfaltung und die k\u00fcnftige Bildungs- und Berufsentscheidung wird gut vorbereitet.<\/span><\/p>\n<p style=\"text-align: left;\"><span style=\"font-family: arial, helvetica, sans-serif;\">Aktuell gibt es an unserer Schule folgende Schwerpunkte:<\/span><\/p>\n<ul style=\"text-align: left;\">\n<li><span style=\"font-family: arial, helvetica, sans-serif;\">Wir sind Mittelschule, d.h. in der F\u00e4chern D, MA, E gibt es ab der 6. Schulstufe die Zuordnung zu 2 Leistungsniveaus, Standard und Standard AHS<\/span><\/li>\n<li><span style=\"font-family: arial, helvetica, sans-serif;\">In diesen F\u00e4chern haben wir je 4 Unterrichtsstunden pro Woche in jeder Schulstufe<\/span><\/li>\n<li><span style=\"font-family: arial, helvetica, sans-serif;\">F\u00f6rderunterricht &#8211; wir leiten unsere Sch\u00fclerInnen zu selbstst\u00e4ndigem Arbeiten an und trainieren Organisations- und Teamf\u00e4higkeit<\/span><\/li>\n<li><span style=\"font-family: arial, helvetica, sans-serif;\">Digitale Grundbildung als Pflichtgegenstand<\/span><\/li>\n<li><span style=\"font-family: arial, helvetica, sans-serif;\">Berufsorientierung und berufspraktische Tage &#8211; die Mittelschule Hohenau ist eine perfekte Basis f\u00fcr weiterf\u00fchrende Schulen<\/span><\/li>\n<li><span style=\"font-family: arial, helvetica, sans-serif;\">Alternative Pflichtgegenst\u00e4nde stehen in der 7. und 8. Schulstufe zur Auswahl: Bewegung und Sport, Deutsch plus, Ern\u00e4hrung und Haushalt oder Naturwissenschaften<\/span><\/li>\n<li><span style=\"font-family: arial, helvetica, sans-serif;\">Unsere Sch\u00fclerInnen erwerben Grundkenntnisse in der Nachbarsprache Slowakisch<\/span><\/li>\n<li><span style=\"font-family: arial, helvetica, sans-serif;\">Unverbindliche \u00dcbungen werden gerne gew\u00e4hlt: mehr Sport \u2013 Fu\u00dfball und Ger\u00e4te\/Bodenturnen &#8211; mehr Informatik, ECDL Europ\u00e4ischer Computerf\u00fchrerschein<\/span><\/li>\n<li><span style=\"font-family: arial, helvetica, sans-serif;\">Schulische Nachmittagsbetreuung mit der VS Hohenau<\/span><\/li>\n<li><span style=\"font-family: arial, helvetica, sans-serif;\">Wir geh\u00f6ren zum Schulnetzwerk <em>\u00d6kolog<\/em><\/span><\/li>\n<\/ul>\n<p style=\"text-align: left;\"><span style=\"font-family: arial, helvetica, sans-serif;\">Wir freuen uns darauf, Sie und Ihr Kind an unserer Schule zu begr\u00fc\u00dfen!<\/span><\/p>\n","protected":false},"excerpt":{"rendered":"<p>Sehr geehrte Erziehungsberechtigte! Willkommen in der Mittelschule Hohenau an der March! Wir sind eine Mittelschule, die offen ist f\u00fcr Neues. Wir bieten unseren Sch\u00fclerInnen modernen und abwechslungsreichen Unterricht in neu ausgestatteten Klassen mit interaktiven Beamern und Laptops. An der N\u00d6MS<\/p>\n","protected":false},"author":8,"featured_media":0,"parent":0,"menu_order":0,"comment_status":"closed","ping_status":"closed","template":"","meta":{"ngg_post_thumbnail":0,"footnotes":""},"class_list":["post-9627","page","type-page","status-publish","hentry"],"_links":{"self":[{"href":"https:\/\/nmshohenau.ac.at\/index.php?rest_route=\/wp\/v2\/pages\/9627","targetHints":{"allow":["GET"]}}],"collection":[{"href":"https:\/\/nmshohenau.ac.at\/index.php?rest_route=\/wp\/v2\/pages"}],"about":[{"href":"https:\/\/nmshohenau.ac.at\/index.php?rest_route=\/wp\/v2\/types\/page"}],"author":[{"embeddable":true,"href":"https:\/\/nmshohenau.ac.at\/index.php?rest_route=\/wp\/v2\/users\/8"}],"replies":[{"embeddable":true,"href":"https:\/\/nmshohenau.ac.at\/index.php?rest_route=%2Fwp%2Fv2%2Fcomments&post=9627"}],"version-history":[{"count":37,"href":"https:\/\/nmshohenau.ac.at\/index.php?rest_route=\/wp\/v2\/pages\/9627\/revisions"}],"predecessor-version":[{"id":11767,"href":"https:\/\/nmshohenau.ac.at\/index.php?rest_route=\/wp\/v2\/pages\/9627\/revisions\/11767"}],"wp:attachment":[{"href":"https:\/\/nmshohenau.ac.at\/index.php?rest_route=%2Fwp%2Fv2%2Fmedia&parent=9627"}],"curies":[{"name":"wp","href":"https:\/\/api.w.org\/{rel}","templated":true}]}}