{"id":9234,"date":"2019-06-16T23:42:41","date_gmt":"2019-06-16T21:42:41","guid":{"rendered":"https:\/\/nmshohenau.ac.at\/?page_id=9234"},"modified":"2021-11-08T06:31:41","modified_gmt":"2021-11-08T05:31:41","slug":"slovakisch-integrativ","status":"publish","type":"page","link":"https:\/\/nmshohenau.ac.at\/?page_id=9234","title":{"rendered":"Slowakisch integrativ"},"content":{"rendered":"\r\n<p><strong>Liebe Eltern,<\/strong><\/p>\r\n\r\n\r\n\r\n<p>ihr Kind lernt Slowakisch integrativ und Sie werden sich vielleicht fragen, wie dieser Lernprozess abl\u00e4uft und wie Sie Ihr Kind unterst\u00fctzen k\u00f6nnen. <br>Wir m\u00f6chten einige h\u00e4ufige Elternfragen beantworten.<\/p>\r\n\r\n\r\n\r\n\r\n\r\n\r\n\r\n<p><strong>Was bedeutet es, eine Nachbarsprache integrativ zu lernen?<br><\/strong>Ein Unterrichtsfach wird zweisprachig gestaltet. Der\/Die Fachlehrer erkl\u00e4rt gemeinsam mit der Slowakischlehrerin ein Thema. Die Slowakischlehrerin l\u00e4sst die wichtigsten W\u00f6rter und S\u00e4tze zu diesem Thema in der Nachbarspache in den Unterricht einflie\u00dfen.<\/p>\r\n\r\n\r\n\r\n\r\n\r\n\r\n\r\n\r\n\r\n\r\n\r\n<p><strong>Wie lernen die Sch\u00fclerinnen und Sch\u00fcler integrativ?<br><\/strong>Durch das wiederholte H\u00f6ren und durch verschiedene Aktivit\u00e4ten im direkten Erkl\u00e4rungskontext des Themas merken sich die Sch\u00fclerinnen und Sch\u00fcler W\u00f6rter und kurze S\u00e4tze&nbsp;relativ leicht.<br>Die Slowakischlehrerin setzt verschiedene Aktivit\u00e4ten wie Spiele, Lieder, Reime, Ausmalen, Puzzle, Memory, R\u00e4tsel etc. ein, um die Kinder gezielt zu verschiedenen Anwendungen der neuen W\u00f6rter anzuregen.<\/p>\r\n\r\n\r\n\r\n\r\n\r\n\r\n\r\n\r\n\r\n\r\n\r\n\r\n\r\n\r\n\r\n<p><strong>Was lernen die Sch\u00fclerinnen und Sch\u00fcler?<br><\/strong>Je nach Unterrichtsgegenstand bieten sich folgende Themen an:<\/p>\r\n\r\n\r\n\r\n\r\n\r\n<ul class=\"wp-block-list\">\r\n<li>Unterrichtskommunikation<\/li>\r\n<li>&nbsp;Schule (Unterrichtsmaterialien, Ausstattung, R\u00e4ume, &#8230;)<\/li>\r\n<li>Natur (Wetter, Jahreszeiten, Pflanzen- und Tierwelt, \u2026)<\/li>\r\n<li>Landeskunde<\/li>\r\n<li>Ern\u00e4hrung<\/li>\r\n<li>Wegbeschreibung<\/li>\r\n<li>etc.<\/li>\r\n<\/ul>\r\n\r\n\r\n\r\n<p>Die Themen werden danach ausgew\u00e4hlt, was f\u00fcr die Sch\u00fclerinnen und Sch\u00fcler wichtig ist, damit sie sich im Nachbarland orientieren und verst\u00e4ndigen k\u00f6nnen.<\/p>\r\n\r\n\r\n\r\n\r\n\r\n<p><strong>Welche Vorteile hat diese Methode?<br><\/strong>Die Sch\u00fclerinnen und Sch\u00fcler lernen die slowakischen W\u00f6rter in einer bestehenden Unterrichtssituation. Sie m\u00fcssen daf\u00fcr kein eigenes Unterrichtsfach besuchen. Je nach Interesse k\u00f6nnen die Kinder dieses Lernangebot individuell f\u00fcr sich nutzen.<\/p>\r\n\r\n\r\n\r\n\r\n\r\n\r\n\r\n\r\n\r\n<p><strong>Wie k\u00f6nnen Sie diesen Lernprozess unterst\u00fctzen?<br><\/strong>Vielleicht werden Sie Ihr Kind schon gefragt haben, was es auf Slowakisch schon kann und haben als Antwort ein \u201eWei\u00df nicht\u201c oder \u201eNicht viel\u201c bekommen. Das kommt daher, dass die Sch\u00fclerinnen und Sch\u00fcler am Anfang das Slowakischangebot nicht als aktiven Lernprozess wahrnehmen. Sie nehmen die Vokabeln nebenher auf und reagieren bereits ohne dar\u00fcber nachzudenken auf slowakische S\u00e4tze. Die meisten Kinder verf\u00fcgen relativ schnell \u00fcber ein gutes passives Verst\u00e4ndnis. Sie k\u00f6nnen sich das ungef\u00e4hr so wie bei Meldungen im Radio vorstellen: Fragt man Sie danach, was Sie heute im Radio \u201egelernt\u201c haben, werden Sie nur eine wage Antwort geben k\u00f6nnen. Fragt man Sie aber gezielt nach bestimmten Informationen, werden Sie sich leicht an etwas erinnern, dass Sie nur nebenbei aufgenommen haben. Wenn Sie also von Ihrem Kind wissen m\u00f6chte, was es bereits auf Slowakisch kann, dann fragen Sie m\u00f6glichst genau. Sprechen Sie mit Ihrem Kind dar\u00fcber, was es im Unterricht gemacht hat. Sie k\u00f6nnen sich dann zum Beispiel auf einem Arbeitsblatt zeigen lassen, wie bestimmte W\u00f6rter auf Slowakisch hei\u00dfen. Wir w\u00fcnschen Ihrem Kind viel Spa\u00df und Erfolg mit Slowakisch integrativ.<\/p>\r\n\r\n\r\n\r\n\r\n\r\n\r\n\r\n\r\n\r\n\r\n\r\n\r\n\r\n\r\n\r\n\r\n\r\n\r\n\r\n\r\n\r\n\r\n\r\n\r\n\r\n\r\n\r\n\r\n\r\n\r\n\r\n\r\n\r\n\r\n\r\n\r\n","protected":false},"excerpt":{"rendered":"<p>Liebe Eltern, ihr Kind lernt Slowakisch integrativ und Sie werden sich vielleicht fragen, wie dieser Lernprozess abl\u00e4uft und wie Sie Ihr Kind unterst\u00fctzen k\u00f6nnen. Wir m\u00f6chten einige h\u00e4ufige Elternfragen beantworten. Was bedeutet es, eine Nachbarsprache integrativ zu lernen?Ein Unterrichtsfach wird<\/p>\n","protected":false},"author":8,"featured_media":0,"parent":9204,"menu_order":2,"comment_status":"closed","ping_status":"closed","template":"","meta":{"ngg_post_thumbnail":0,"footnotes":""},"class_list":["post-9234","page","type-page","status-publish","hentry"],"_links":{"self":[{"href":"https:\/\/nmshohenau.ac.at\/index.php?rest_route=\/wp\/v2\/pages\/9234","targetHints":{"allow":["GET"]}}],"collection":[{"href":"https:\/\/nmshohenau.ac.at\/index.php?rest_route=\/wp\/v2\/pages"}],"about":[{"href":"https:\/\/nmshohenau.ac.at\/index.php?rest_route=\/wp\/v2\/types\/page"}],"author":[{"embeddable":true,"href":"https:\/\/nmshohenau.ac.at\/index.php?rest_route=\/wp\/v2\/users\/8"}],"replies":[{"embeddable":true,"href":"https:\/\/nmshohenau.ac.at\/index.php?rest_route=%2Fwp%2Fv2%2Fcomments&post=9234"}],"version-history":[{"count":6,"href":"https:\/\/nmshohenau.ac.at\/index.php?rest_route=\/wp\/v2\/pages\/9234\/revisions"}],"predecessor-version":[{"id":10495,"href":"https:\/\/nmshohenau.ac.at\/index.php?rest_route=\/wp\/v2\/pages\/9234\/revisions\/10495"}],"up":[{"embeddable":true,"href":"https:\/\/nmshohenau.ac.at\/index.php?rest_route=\/wp\/v2\/pages\/9204"}],"wp:attachment":[{"href":"https:\/\/nmshohenau.ac.at\/index.php?rest_route=%2Fwp%2Fv2%2Fmedia&parent=9234"}],"curies":[{"name":"wp","href":"https:\/\/api.w.org\/{rel}","templated":true}]}}