{"id":9232,"date":"2019-06-16T23:41:18","date_gmt":"2019-06-16T21:41:18","guid":{"rendered":"https:\/\/nmshohenau.ac.at\/?page_id=9232"},"modified":"2019-07-05T16:35:24","modified_gmt":"2019-07-05T14:35:24","slug":"ecdl","status":"publish","type":"page","link":"https:\/\/nmshohenau.ac.at\/?page_id=9232","title":{"rendered":"ECDL"},"content":{"rendered":"\r\n<p>An unserer Schule besteht die M\u00f6glichkeit den ECDL (= Europ\u00e4ischer Computer F\u00fchrerschein) zu erwerben. Dieser besteht aus folgenden 6 Pflichtmodulen:<\/p>\r\n\r\n\r\n\r\n<ul class=\"wp-block-list\">\r\n<li>Computergrundlagen CG<\/li>\r\n<li>Onlinegrundlagen OG<\/li>\r\n<li>Textverarbeitung TX<\/li>\r\n<li>Tabellenkalkulation TK<\/li>\r\n<li>Pr\u00e4sentation PR<\/li>\r\n<li>IT-Security IS<\/li>\r\n<\/ul>\r\n\r\n\r\n\r\n<p>&nbsp;und einem Wahlmodul (kann aus folgenden drei Modulen ausgew\u00e4hlt werden):<\/p>\r\n\r\n\r\n\r\n<ul class=\"wp-block-list\">\r\n<li>Datenbanken bearbeiten DB<\/li>\r\n<li>Online Zusammenarbeit DZ<\/li>\r\n<li>Bildbearbeitung BB<\/li>\r\n<\/ul>\r\n\r\n\r\n\r\n<p>In der unverbindlichen \u00dcbung ECDL (Dienstagnachmittag &#8211; 14t\u00e4gig 2 Stunden) erlernen die Sch\u00fcler\/innen die Grundlagen zu den einzelnen Modulen und k\u00f6nnen die Diagnosepr\u00fcfungen durchf\u00fchren.<\/p>\r\n\r\n\r\n\r\n<p><br>Im Schuljahr finden 3 Pr\u00fcfungen statt:<\/p>\r\n\r\n\r\n\r\n<ul class=\"wp-block-list\">\r\n<li>1. Woche im 2. Semester<\/li>\r\n<li>vor bzw. nach den Osterferien<\/li>\r\n<li>in der vorletzten Schulwoche<\/li>\r\n<\/ul>\r\n\r\n\r\n\r\n<p>Kosten: Skillscard&nbsp; 37 \u20ac (einmalige Zahlung), pro Modul&nbsp; 15 \u20ac<\/p>\r\n\r\n\r\n","protected":false},"excerpt":{"rendered":"<p>An unserer Schule besteht die M\u00f6glichkeit den ECDL (= Europ\u00e4ischer Computer F\u00fchrerschein) zu erwerben. Dieser besteht aus folgenden 6 Pflichtmodulen: Computergrundlagen CG Onlinegrundlagen OG Textverarbeitung TX Tabellenkalkulation TK Pr\u00e4sentation PR IT-Security IS &nbsp;und einem Wahlmodul (kann aus folgenden drei Modulen<\/p>\n","protected":false},"author":8,"featured_media":0,"parent":0,"menu_order":1,"comment_status":"closed","ping_status":"closed","template":"","meta":{"ngg_post_thumbnail":0,"footnotes":""},"class_list":["post-9232","page","type-page","status-publish","hentry"],"_links":{"self":[{"href":"https:\/\/nmshohenau.ac.at\/index.php?rest_route=\/wp\/v2\/pages\/9232","targetHints":{"allow":["GET"]}}],"collection":[{"href":"https:\/\/nmshohenau.ac.at\/index.php?rest_route=\/wp\/v2\/pages"}],"about":[{"href":"https:\/\/nmshohenau.ac.at\/index.php?rest_route=\/wp\/v2\/types\/page"}],"author":[{"embeddable":true,"href":"https:\/\/nmshohenau.ac.at\/index.php?rest_route=\/wp\/v2\/users\/8"}],"replies":[{"embeddable":true,"href":"https:\/\/nmshohenau.ac.at\/index.php?rest_route=%2Fwp%2Fv2%2Fcomments&post=9232"}],"version-history":[{"count":4,"href":"https:\/\/nmshohenau.ac.at\/index.php?rest_route=\/wp\/v2\/pages\/9232\/revisions"}],"predecessor-version":[{"id":9556,"href":"https:\/\/nmshohenau.ac.at\/index.php?rest_route=\/wp\/v2\/pages\/9232\/revisions\/9556"}],"wp:attachment":[{"href":"https:\/\/nmshohenau.ac.at\/index.php?rest_route=%2Fwp%2Fv2%2Fmedia&parent=9232"}],"curies":[{"name":"wp","href":"https:\/\/api.w.org\/{rel}","templated":true}]}}