{"id":8544,"date":"2017-07-03T10:38:30","date_gmt":"2017-07-03T08:38:30","guid":{"rendered":"https:\/\/nmshohenau.ac.at\/?page_id=8544"},"modified":"2023-10-12T10:23:46","modified_gmt":"2023-10-12T09:23:46","slug":"3-klassen","status":"publish","type":"page","link":"https:\/\/nmshohenau.ac.at\/?page_id=8544","title":{"rendered":"Digitales Lernen_Notebooks"},"content":{"rendered":"<p>Die Digitalisierung hat Einzug in all unsere Lebensbereiche gefunden. Es ist wichtig, dass Kinder lernen, digitale Endger\u00e4te nutzenstiftend einzusetzen. <span style=\"color: #ff9900;\">2021\/22 haben die Sch\u00fclerinnen und Sch\u00fcler der 5. und 6. Schulstufe ein Notebook erhalten und<\/span><span style=\"color: #339966;\"> im Schuljahr 22\/23 die Kinder der 5. Schulstufe.<\/span> <span style=\"color: #800000;\">Ab dem Schuljahr 23\/24 sind alle Sch\u00fcler mit Notebooks ausgestattet.<\/span><\/p>\n<p>Dieses Ger\u00e4t ist das Eigentum der Sch\u00fclerin\/des Sch\u00fclers. Die Kosten f\u00fcr Erziehungsberechtigte betragen 25% des Ger\u00e4tepreises. F\u00fcr finanziell belastete Erziehungsberechtigte gibt es die M\u00f6glichkeit zur Befreiung vom Selbstkostenanteil. In der Schule setzen wir die Ger\u00e4te p\u00e4dagogisch sinnvoll als Lern- und Arbeitsmittel im Unterricht ein. Damit wir sie optimal nutzen k\u00f6nnen, gibt es durch ein Ger\u00e4temanagement eine einheitliche Konfiguration aller Sch\u00fclerger\u00e4te.<\/p>\n<p><span id=\"undefined\" class=\"markedContent\"><span id=\"page1R_mcid95\" class=\"markedContent\"><span dir=\"ltr\">Auf der Website der Ger\u00e4teinitiative \u201eDigitales Lernen\u201c<\/span><\/span><span id=\"page1R_mcid96\" class=\"markedContent\"><\/span><span id=\"page1R_mcid97\" class=\"markedContent\"><span dir=\"ltr\">(<\/span><\/span><a href=\"https:\/\/digitaleslernen.oead.at\/\"><span id=\"page1R_mcid98\" class=\"markedContent\"><span dir=\"ltr\">digitaleslernen.oead.at<\/span><\/span><\/a><span id=\"page1R_mcid99\" class=\"markedContent\"><span dir=\"ltr\">) stehen eine Reihe von Inhalten <\/span><\/span><span id=\"page1R_mcid100\" class=\"markedContent\"><\/span><span id=\"page1R_mcid101\" class=\"markedContent\"><span dir=\"ltr\">f\u00fcr die Eltern bereit. <\/span><\/span><\/span><\/p>\n","protected":false},"excerpt":{"rendered":"<p>Die Digitalisierung hat Einzug in all unsere Lebensbereiche gefunden. Es ist wichtig, dass Kinder lernen, digitale Endger\u00e4te nutzenstiftend einzusetzen. 2021\/22 haben die Sch\u00fclerinnen und Sch\u00fcler der 5. und 6. Schulstufe ein Notebook erhalten und im Schuljahr 22\/23 die Kinder der<\/p>\n","protected":false},"author":6,"featured_media":0,"parent":8789,"menu_order":0,"comment_status":"closed","ping_status":"closed","template":"","meta":{"ngg_post_thumbnail":0,"footnotes":""},"class_list":["post-8544","page","type-page","status-publish","hentry"],"_links":{"self":[{"href":"https:\/\/nmshohenau.ac.at\/index.php?rest_route=\/wp\/v2\/pages\/8544","targetHints":{"allow":["GET"]}}],"collection":[{"href":"https:\/\/nmshohenau.ac.at\/index.php?rest_route=\/wp\/v2\/pages"}],"about":[{"href":"https:\/\/nmshohenau.ac.at\/index.php?rest_route=\/wp\/v2\/types\/page"}],"author":[{"embeddable":true,"href":"https:\/\/nmshohenau.ac.at\/index.php?rest_route=\/wp\/v2\/users\/6"}],"replies":[{"embeddable":true,"href":"https:\/\/nmshohenau.ac.at\/index.php?rest_route=%2Fwp%2Fv2%2Fcomments&post=8544"}],"version-history":[{"count":20,"href":"https:\/\/nmshohenau.ac.at\/index.php?rest_route=\/wp\/v2\/pages\/8544\/revisions"}],"predecessor-version":[{"id":11142,"href":"https:\/\/nmshohenau.ac.at\/index.php?rest_route=\/wp\/v2\/pages\/8544\/revisions\/11142"}],"up":[{"embeddable":true,"href":"https:\/\/nmshohenau.ac.at\/index.php?rest_route=\/wp\/v2\/pages\/8789"}],"wp:attachment":[{"href":"https:\/\/nmshohenau.ac.at\/index.php?rest_route=%2Fwp%2Fv2%2Fmedia&parent=8544"}],"curies":[{"name":"wp","href":"https:\/\/api.w.org\/{rel}","templated":true}]}}