{"id":614,"date":"2012-09-17T11:01:51","date_gmt":"2012-09-17T09:01:51","guid":{"rendered":"http:\/\/www.vsklosterneuburg-albrecht.ac.at\/?page_id=614"},"modified":"2023-05-12T10:35:50","modified_gmt":"2023-05-12T09:35:50","slug":"impressum-der-volkschule-albrechtstrasse","status":"publish","type":"page","link":"https:\/\/nmshohenau.ac.at\/?page_id=614","title":{"rendered":"Impressum"},"content":{"rendered":"<p><span style=\"text-decoration: underline; color: #808080;\">Verwaltung der Homepage:<\/span><br \/>\n<span style=\"color: #808080;\"> Michaela Seidl<\/span><\/p>\n<p><span style=\"color: #808080;\"><span style=\"text-decoration: underline;\">Texte in dieser Website:<\/span><\/span><br \/>\n<span style=\"color: #808080;\"> Lehrer\/innenteam der NN\u00d6MS Hohenau an der March<br \/>\nDie Website unterliegt dem Copyright der NN\u00d6MS Hohenau.<br \/>\nF\u00fcr die Inhalte von verlinkten Websites wird keine Haftung \u00fcbernommen.<\/span><\/p>\n<h2><span style=\"color: #808080;\"><span style=\"text-decoration: underline;\">Kontaktdaten<\/span><\/span><\/h2>\n<p><span style=\"color: #808080;\">NN\u00d6MS Hohenau<br \/>\nHaupstra\u00dfe 27<br \/>\n2273 Hohenau<\/span><\/p>\n<p>Direktion: &nbsp; &nbsp;0664 127 46 91<br \/>\ne-mail: <a href=\"mailto:vs.gerasdorf@noeschule.at\">nms.hohenau@noeschule.at<br \/>\n<\/a><a href=\"http:\/\/www.nmshohenau.ac.at\">www.nmshohenau.ac.at<\/a><br \/>\n<span style=\"color: #808080;\"> Direktorin: Michaela Seidl<\/span><\/p>\n","protected":false},"excerpt":{"rendered":"<p>Verwaltung der Homepage: Michaela Seidl Texte in dieser Website: Lehrer\/innenteam der NN\u00d6MS Hohenau an der March Die Website unterliegt dem Copyright der NN\u00d6MS Hohenau. F\u00fcr die Inhalte von verlinkten Websites wird keine Haftung \u00fcbernommen. Kontaktdaten NN\u00d6MS Hohenau Haupstra\u00dfe 27 2273<\/p>\n","protected":false},"author":6,"featured_media":0,"parent":12,"menu_order":1,"comment_status":"closed","ping_status":"closed","template":"","meta":{"ngg_post_thumbnail":0,"footnotes":""},"class_list":["post-614","page","type-page","status-publish","hentry"],"_links":{"self":[{"href":"https:\/\/nmshohenau.ac.at\/index.php?rest_route=\/wp\/v2\/pages\/614","targetHints":{"allow":["GET"]}}],"collection":[{"href":"https:\/\/nmshohenau.ac.at\/index.php?rest_route=\/wp\/v2\/pages"}],"about":[{"href":"https:\/\/nmshohenau.ac.at\/index.php?rest_route=\/wp\/v2\/types\/page"}],"author":[{"embeddable":true,"href":"https:\/\/nmshohenau.ac.at\/index.php?rest_route=\/wp\/v2\/users\/6"}],"replies":[{"embeddable":true,"href":"https:\/\/nmshohenau.ac.at\/index.php?rest_route=%2Fwp%2Fv2%2Fcomments&post=614"}],"version-history":[{"count":10,"href":"https:\/\/nmshohenau.ac.at\/index.php?rest_route=\/wp\/v2\/pages\/614\/revisions"}],"predecessor-version":[{"id":11038,"href":"https:\/\/nmshohenau.ac.at\/index.php?rest_route=\/wp\/v2\/pages\/614\/revisions\/11038"}],"up":[{"embeddable":true,"href":"https:\/\/nmshohenau.ac.at\/index.php?rest_route=\/wp\/v2\/pages\/12"}],"wp:attachment":[{"href":"https:\/\/nmshohenau.ac.at\/index.php?rest_route=%2Fwp%2Fv2%2Fmedia&parent=614"}],"curies":[{"name":"wp","href":"https:\/\/api.w.org\/{rel}","templated":true}]}}